{"id":83,"date":"2016-04-05T19:17:56","date_gmt":"2016-04-05T19:17:56","guid":{"rendered":"http:\/\/hammerich-la.de\/?page_id=83"},"modified":"2018-05-20T14:35:25","modified_gmt":"2018-05-20T14:35:25","slug":"impressum","status":"publish","type":"page","link":"https:\/\/hammerich-la.de\/?page_id=83","title":{"rendered":"Impressum &#8211; Datenschutz"},"content":{"rendered":"<div class=\"wpb-content-wrapper\"><p>[vc_row][vc_column width=&#8220;1\/1&#8243;][vc_column_text]<strong>hammerich landschaftsarchitektur<\/strong><br \/>\n<strong>Gartenplanung und FreiraumDesign<\/strong><\/p>\n<p>&nbsp;<\/p>\n<p><strong>Inhaberin:<\/strong><br \/>\nBirgit Hammerich, Dipl.-Ing.<br \/>\nLandschaftsarchitektin, bdla<br \/>\nM\u00fchlenhof 2, D-31535 Neustadt a. Rbge.<br \/>\nTelefon: +49-5032-8000200<br \/>\nFax: +49-5032-8000205<br \/>\nE-Mail: hammerich(at)gartenkultur.de<\/p>\n<p>&nbsp;<\/p>\n<p><strong>Architektengesetz:<\/strong> Die Landschaftsarchitektin Dipl.-Ing. Birgit Hammerich ist Mitglied der Architektenkammer Niedersachsen, Friedrichswall 5, D-30159 Hannover. Die Berechtigung zur F\u00fchrung der Berufsbezeichnung \u201eLandschaftsarchitektin\u201c ergibt sich aus der Eintragung in die Architektenliste der Architektenkammer Niedersachsen (Bundesrepublik Deutschland). Die Landschaftsarchitektin Dipl.-Ing. Birgit Hammerich unterliegt den berufsrechtlichen Regelungen des Nieders\u00e4chsischen Architektengesetzes (NArchtG), insbesondere den Pflichten aus \u00a724 NArchtG. Der Text des NArchtG kann eingesehen werden \u00fcber die Homepage der <a href=\"http:\/\/www.aknds.de\">Architektenkammer<\/a> Niedersachsen.<\/p>\n<p>&nbsp;<\/p>\n<p><strong>Technische Umsetzung:<\/strong> Diese Website wurde mit <a href=\"http:\/\/www.worpress.org\">WordPress<\/a> unter Verwendung des Themes \u201eKalium\u201c von <a href=\"http:\/\/www.laborator.co\">Laborator<\/a> erstellt.<\/p>\n<p>&nbsp;<\/p>\n<p><strong>Bildnachweis:<\/strong> Die Bild-\/Urheberrechte s\u00e4mtlicher Abbildungen liegen bei Birgit Hammerich bis auf die im Folgenden aufgef\u00fchrten:<br \/>\n\u2013 Kaminholzwand, \u00a9 Thumm Technologie GmbH<br \/>\n\u2013 DLR, Tag der Architektur, \u00a9 Birgit Hempen<\/p>\n<p>&nbsp;<\/p>\n<p><strong>Haftungsausschluss:<\/strong> Wir \u00fcbernehmen keinerlei Gew\u00e4hr f\u00fcr die Aktualit\u00e4t, Korrektheit, Vollst\u00e4ndigkeit oder Qualit\u00e4t der bereitgestellten Informationen. Haftungsanspr\u00fcche jeglicher Art gegen uns werden grunds\u00e4tzlich ausgeschlossen. Wir behalten uns vor, Teile der Seite oder das gesamte Angebot ohne gesonderte Ank\u00fcndigung zu ver\u00e4ndern, zu erg\u00e4nzen, zu l\u00f6schen, oder die Ver\u00f6ffentlichung zeitweise oder endg\u00fcltig einzustellen. Unsere Seiten enthalten Links zu anderen Internetseiten. F\u00fcr den Inhalt der exteren Seiten sind wir nicht verantwortlich, und haben keinerlei Einfluss auf deren Gestaltung und Inhalt. Wir distanzieren uns deshalb ausdr\u00fccklich von allen Inhalten verlinkter Seiten auf unserer Website.<\/p>\n<p>&nbsp;<\/p>\n<h3>Datenschutzerkl\u00e4rung<\/h3>\n<p>Wir freuen \u00fcber Ihren Besuch auf unserer Web-Site sowie \u00fcber Ihr Interesse an unserem Unternehmen. Wir m\u00f6chten Sie deshalb an dieser Stelle dar\u00fcber informieren, wie wir Ihre Privatsph\u00e4re sch\u00fctzen, wenn Sie uns Ihre pers\u00f6nlichen Daten zur Verf\u00fcgung stellen.<\/p>\n<p><strong>Erhebung und Verarbeitung pers\u00f6nlicher Daten:<\/strong>\u00a0Wenn Sie unsere Webseiten besuchen, speichern unsere Webserver standardm\u00e4\u00dfig den Namen Ihres Internet Service Providers, die Webseite, von der aus Sie uns besuchen, die Webseiten, die Sie bei uns besuchen, Ihre IP-Adresse, sowie das Datum und die Dauer des Besuches. Diese Daten w\u00fcrden m\u00f6glicherweise eine Identifizierung zulassen, allerdings findet diesbez\u00fcglich keine personenbezogene Verwertung statt. Diese Daten k\u00f6nnen zu statistischen Zwecken ausgewertet werden, wobei der einzelne Benutzer jedoch anonym bleibt. Dar\u00fcber hinaus werden pers\u00f6nliche Daten nur dann gespeichert, wenn Sie uns diese von sich aus z.B., durch das Ausf\u00fcllen von Formularen oder das Versenden von\u00a0E-Mails zur Verf\u00fcgung stellen.<\/p>\n<p><strong>Nutzung und Weitergabe pers\u00f6nlicher Daten:<\/strong>\u00a0Wir verwenden Ihre pers\u00f6nlichen Daten zu Zwecken der Interessenten- und Kundenverwaltung sowie f\u00fcr die Korrespondenz mit Ihnen nur im jeweils daf\u00fcr erforderlichen Umfang.<\/p>\n<p><strong>Recht auf Widerruf:<\/strong>\u00a0Sie sind berechtigt, die Einwilligung in die Verwendung personenbezogener Daten jederzeit mit Wirkung f\u00fcr die Zukunft zu widerrufen. Hierzu gen\u00fcgt eine\u00a0E-Mail an die im Kontakt genannte Email Adresse.<\/p>\n<p><strong>Sicherheit:<\/strong>\u00a0Wir setzen technische und organisatorische Sicherheitsma\u00dfnahmen ein, um Ihre uns zur Verf\u00fcgung gestellten personenbezogenen Daten durch zuf\u00e4llige oder vors\u00e4tzliche Manipulation, Verlust, Zerst\u00f6rung oder den Zugriff unberechtigter Personen zu sch\u00fctzen.<\/p>\n<p><strong>Auskunft, \u00c4nderung, L\u00f6schung:<\/strong>\u00a0Wenn Sie Auskunft \u00fcber Ihre bei uns gespeicherten personenbezogenen Daten w\u00fcnschen, wenn Ihre Daten nicht korrekt sind und sie ge\u00e4ndert werden sollen oder wenn Sie Ihre Daten l\u00f6schen m\u00f6chten: Hierzu gen\u00fcgt eine\u00a0E-Mail \u00fcber das Kontaktformular.[\/vc_column_text][\/vc_column][\/vc_row]<\/p>\n<\/div>","protected":false},"excerpt":{"rendered":"<p>[vc_row][vc_column width=&#8220;1\/1&#8243;][vc_column_text]hammerich landschaftsarchitektur Gartenplanung und FreiraumDesign &nbsp; Inhaberin: Birgit Hammerich, Dipl.-Ing. Landschaftsarchitektin, bdla M\u00fchlenhof 2, D-31535 Neustadt a. Rbge. Telefon: +49-5032-8000200 Fax: +49-5032-8000205 E-Mail: hammerich(at)gartenkultur.de &nbsp; Architektengesetz: Die Landschaftsarchitektin Dipl.-Ing. Birgit Hammerich ist Mitglied der Architektenkammer Niedersachsen, Friedrichswall 5, D-30159 Hannover. Die Berechtigung zur F\u00fchrung der Berufsbezeichnung \u201eLandschaftsarchitektin\u201c ergibt sich aus der Eintragung in die&hellip;<\/p>\n","protected":false},"author":1,"featured_media":0,"parent":79,"menu_order":0,"comment_status":"closed","ping_status":"closed","template":"","meta":{"_acf_changed":false,"footnotes":""},"class_list":["post-83","page","type-page","status-publish","hentry"],"acf":[],"_links":{"self":[{"href":"https:\/\/hammerich-la.de\/index.php?rest_route=\/wp\/v2\/pages\/83","targetHints":{"allow":["GET"]}}],"collection":[{"href":"https:\/\/hammerich-la.de\/index.php?rest_route=\/wp\/v2\/pages"}],"about":[{"href":"https:\/\/hammerich-la.de\/index.php?rest_route=\/wp\/v2\/types\/page"}],"author":[{"embeddable":true,"href":"https:\/\/hammerich-la.de\/index.php?rest_route=\/wp\/v2\/users\/1"}],"replies":[{"embeddable":true,"href":"https:\/\/hammerich-la.de\/index.php?rest_route=%2Fwp%2Fv2%2Fcomments&post=83"}],"version-history":[{"count":9,"href":"https:\/\/hammerich-la.de\/index.php?rest_route=\/wp\/v2\/pages\/83\/revisions"}],"predecessor-version":[{"id":536,"href":"https:\/\/hammerich-la.de\/index.php?rest_route=\/wp\/v2\/pages\/83\/revisions\/536"}],"up":[{"embeddable":true,"href":"https:\/\/hammerich-la.de\/index.php?rest_route=\/wp\/v2\/pages\/79"}],"wp:attachment":[{"href":"https:\/\/hammerich-la.de\/index.php?rest_route=%2Fwp%2Fv2%2Fmedia&parent=83"}],"curies":[{"name":"wp","href":"https:\/\/api.w.org\/{rel}","templated":true}]}}